{"id":2392,"date":"2023-11-22T13:10:05","date_gmt":"2023-11-22T13:10:05","guid":{"rendered":"https:\/\/pic29.com\/nuestras-condiciones-generales-de-venta\/"},"modified":"2023-11-22T13:18:19","modified_gmt":"2023-11-22T13:18:19","slug":"nuestras-condiciones-generales-de-venta","status":"publish","type":"page","link":"https:\/\/pic29.com\/es\/nuestras-condiciones-generales-de-venta\/","title":{"rendered":"Nuestras condiciones generales de venta"},"content":{"rendered":"\n<h2 class=\"wp-block-heading\">1 &#8211; CONDICI\u00d3N PRELIMINAR<\/h2>\n\n<p>Los siguientes t\u00e9rminos y condiciones de venta rigen la relaci\u00f3n entre nuestros clientes y nosotros y, por consiguiente, la aceptaci\u00f3n de nuestras ofertas por parte de un cliente implica la aceptaci\u00f3n de estos t\u00e9rminos y condiciones, incluso si son contrarios a las cl\u00e1usulas estipuladas en las hojas de pedido o cartas del cliente. Cualquier desviaci\u00f3n de esta norma s\u00f3lo podr\u00e1 hacerse con el acuerdo escrito de Protection Incendie Cornouaille.<\/p>\n\n<h2 class=\"wp-block-heading\">  2 &#8211; PROPIEDAD DE LOS ESTUDIOS<\/h2>\n\n<p>Todo estudio t\u00e9cnico que sirva de base a una oferta realizada por nuestra sociedad o durante su ejecuci\u00f3n, o incluso con posterioridad a \u00e9sta, as\u00ed como todo documento de cualquier naturaleza presentado con tal motivo, siguen siendo propiedad intelectual de Protection Incendie Cornouaille y, por consiguiente, no pueden ser objeto de ninguna comunicaci\u00f3n por parte del destinatario o de sus agentes a nadie sin la autorizaci\u00f3n escrita de Protection Incendie Cornouaille. La definici\u00f3n t\u00e9cnica descrita en nuestros presupuestos es meramente indicativa; el estudio de dise\u00f1o puede modificar las soluciones o cantidades propuestas para satisfacer los requisitos del cliente o la propuesta t\u00e9cnica definida en nuestro presupuesto.<\/p>\n\n<h2 class=\"wp-block-heading\">3 &#8211; ACEPTACI\u00d3N DE PEDIDOS Y PLAZOS DE ENTREGA<\/h2>\n\n<p>Los horarios que figuran en nuestra propuesta son indicativos. Salvo estipulaci\u00f3n contraria aceptada por escrito por Protection Incendie Cornouaille, el comprador no podr\u00e1 aprovechar ning\u00fan retraso para anular un pedido, rechazar la entrega y\/o la instalaci\u00f3n, o reclamar el pago de da\u00f1os y perjuicios o penalizaciones.<\/p>\n\n<h2 class=\"wp-block-heading\"><a><\/a>4 &#8211; EMBALAJE, TRANSPORTE, SEGURO<\/h2>\n\n<p>Se precisa que todo material no instalado por Protection Incendie Cornouaille y transportado por cualquier medio externo viaja por cuenta y riesgo del destinatario. Salvo que se estipule lo contrario, los gastos de embalaje y transporte quedan excluidos de nuestras ofertas.<\/p>\n\n<h2 class=\"wp-block-heading\">  5 &#8211; RESERVA DE PROPIEDAD<\/h2>\n\n<p>Conservamos la propiedad de los bienes vendidos hasta el pago \u00edntegro del principal y los costes accesorios. El impago de cualquiera de los plazos puede dar lugar a la reclamaci\u00f3n de la mercanc\u00eda. Estas disposiciones no impiden la transferencia al comprador, en el momento de la entrega, de los riesgos de p\u00e9rdida y deterioro de los bienes vendidos, as\u00ed como de los da\u00f1os que puedan causar.<\/p>\n\n<h2 class=\"wp-block-heading\">6 &#8211; PRECIO &#8211; TIPO DE IVA &#8211; CONDICIONES DE PAGO &#8211; CL\u00c1USULA DE VENCIMIENTO<\/h2>\n\n<p>Los precios no incluyen impuestos y pueden ser fijos o variables. Se especifican en las condiciones especiales. El tipo de IVA aplicable a las relaciones comerciales es el vigente en el momento de la conclusi\u00f3n de la obra o de la prestaci\u00f3n completa de los servicios. En caso de pago a plazos, se acuerda expresamente que el impago de un solo plazo dar\u00e1 lugar al devengo del resto de las cantidades adeudadas.<\/p>\n\n<h2 class=\"wp-block-heading\">  7 &#8211; CL\u00c1USULA DE PENALIZACI\u00d3N<\/h2>\n\n<p>En caso de que nos veamos obligados a emprender acciones judiciales para obligar al comprador a respetar sus compromisos, exigiremos, en concepto de penalizaci\u00f3n en los t\u00e9rminos de los art\u00edculos 1226 y siguientes del C\u00f3digo Civil franc\u00e9s, una indemnizaci\u00f3n del 15% de las sumas debidas, con un cargo m\u00ednimo de 100 euros. Esta indemnizaci\u00f3n se considerar\u00e1 accesoria a la reclamaci\u00f3n. Adem\u00e1s, de conformidad con la Ley 92-1442 de 31\/12\/1992, todo pago posterior a la fecha indicada en la factura dar\u00e1 lugar a la facturaci\u00f3n de penalizaciones equivalentes a una vez y media el tipo de inter\u00e9s legal.<\/p>\n\n<h2 class=\"wp-block-heading\"><a><\/a>  8 &#8211; GARANT\u00cdA<\/h2>\n\n<p>Nuestras instalaciones est\u00e1n garantizadas durante 12 meses en piezas y mano de obra, a partir de la fecha de puesta en servicio y durante un m\u00e1ximo de un a\u00f1o desde la entrega, contra cualquier defecto de fabricaci\u00f3n o fallo de funcionamiento en condiciones normales de uso.<\/p>\n\n<p>La garant\u00eda de los equipos reparados o de las reparaciones se limita estrictamente a 3 meses. No se considerar\u00e1 que la garant\u00eda cubre :<\/p>\n\n<ul class=\"wp-block-list\">\n<li>Da\u00f1os causados por el incumplimiento de las instrucciones de uso dadas por Protection Incendie Cornouaille ;<\/li>\n\n\n\n<li>Equipos consumibles ;<\/li>\n\n\n\n<li>Acto de un tercero, caso fortuito o fuerza mayor;<\/li>\n\n\n\n<li>Da\u00f1os o accidentes causados por negligencia del cliente, falta de supervisi\u00f3n o mantenimiento;<\/li>\n\n\n\n<li>Aver\u00edas causadas por accidentes que no pueden atribuirse a un defecto de fabricaci\u00f3n;<\/li>\n\n\n\n<li>Problemas derivados de modificaciones de la instalaci\u00f3n o de sus condiciones de funcionamiento si \u00e9stas se han realizado sin el acuerdo de Protection Incendie Cornouaille.<\/li>\n\n\n\n<li>La garant\u00eda se limita exclusivamente a las piezas cubiertas por el servicio solicitado. Protection Incendie Cornouaille no podr\u00e1 ser considerada responsable de ning\u00fan da\u00f1o directo, indirecto o (y) inmaterial, como lucro cesante, p\u00e9rdida de beneficios, p\u00e9rdida de producci\u00f3n o p\u00e9rdida de explotaci\u00f3n; de hecho, el cliente, como propietario u operador, conserva la custodia y la plena responsabilidad del funcionamiento de los equipos y sistemas en los que Protection Incendie Cornouaille ha intervenido.<\/li>\n<\/ul>\n\n<p>Las reparaciones o suministros efectuados durante el periodo de garant\u00eda no pueden tener por efecto la pr\u00f3rroga de la misma.<\/p>\n\n<h2 class=\"wp-block-heading\"><a><\/a>9 &#8211; SEGUROS<\/h2>\n\n<p>Protection Incendie Cornouaille ha suscrito un seguro para cubrir su responsabilidad de explotaci\u00f3n.<\/p>\n\n<p>Queda expresamente acordado entre las partes que, con respecto a la cobertura de responsabilidad civil de explotaci\u00f3n, el cliente y sus aseguradores renunciar\u00e1n a cualquier recurso contra nosotros y nuestros aseguradores m\u00e1s all\u00e1 de los importes de cobertura que nos conceden nuestros propios contratos de seguro.<\/p>\n\n<h2 class=\"wp-block-heading\">10 &#8211; CL\u00c1USULA RESOLUTORIA<\/h2>\n\n<p>Nuestras ventas est\u00e1n sujetas a una condici\u00f3n resolutoria. Si el precio no se paga en su totalidad en la fecha de vencimiento, la venta se anular\u00e1 de pleno derecho si esa es nuestra intenci\u00f3n, ocho d\u00edas despu\u00e9s de que se haya enviado una notificaci\u00f3n formal por carta certificada con acuse de recibo, record\u00e1ndonos nuestra intenci\u00f3n de invocar esta cl\u00e1usula.<\/p>\n\n<h2 class=\"wp-block-heading\"><a><\/a>11 &#8211; CONDICIONES DE PAGO<\/h2>\n\n<p><strong>De conformidad con la ley de modernizaci\u00f3n de la econom\u00eda de 04\/08\/08 (art. L 441-6 del C\u00f3digo de Comercio franc\u00e9s),<\/strong><\/p>\n\n<h3 class=\"wp-block-heading\">De conformidad con las leyes y reglamentos vigentes (Ley Warsmann de 22 de marzo de 2012), en caso de demora en el pago, el acreedor ser\u00e1 responsable de<\/h3>\n\n<ul class=\"wp-block-list\">\n<li>penalizaciones por demora pagaderas de pleno derecho al tipo del BCE aplicado a su operaci\u00f3n de refinanciaci\u00f3n m\u00e1s reciente m\u00e1s 10 puntos,<\/li>\n\n\n\n<li>una indemnizaci\u00f3n fija de 40 euros por gastos de cobro,<\/li>\n\n\n\n<li>compensaci\u00f3n adicional por los gastos de cobro de deudas que se hayan producido por encima de la compensaci\u00f3n a tanto alzado<\/li>\n<\/ul>\n\n<p>Las penalizaciones se aplican autom\u00e1ticamente desde el momento en que se constata el retraso en el pago. Las penalizaciones son pagaderas sin requerimiento ni advertencia formal al deudor, de conformidad con el art\u00edculo L.442-6 del C\u00f3digo de Comercio franc\u00e9s y la ley de 15 de mayo de 2001.<\/p>\n\n<p>La retenci\u00f3n no sustituye a las condiciones de pago y est\u00e1 cubierta por una garant\u00eda bancaria constituida en el momento de la factura final y liberable a los 12 meses.<\/p>\n\n<h2 class=\"wp-block-heading\"><a><\/a>12 &#8211; GARANT\u00cdA DE PAGO<\/h2>\n\n<p>De conformidad con el art\u00edculo 1799-1 del C\u00f3digo Civil franc\u00e9s, el propietario del proyecto debe garantizar al contratista el pago de las cantidades adeudadas cuando superen los 12.000 euros sin IVA (garant\u00eda solidaria, pago directo con cargo a un pr\u00e9stamo bancario).<\/p>\n\n<p>En caso de incumplimiento, el contratista suspender\u00e1 la ejecuci\u00f3n del contrato tras enviar al propietario del proyecto una notificaci\u00f3n formal a la que no se haya recibido respuesta. Este derecho se mantiene durante la vigencia del contrato hasta que se haya abonado en su totalidad.<\/p>\n\n<h2 class=\"wp-block-heading\">13 &#8211; RESOLUCI\u00d3N DE LITIGIOS<\/h2>\n\n<p>A falta de acuerdo amistoso, cualquier litigio relativo a la presente venta, incluso en caso de recurso a una garant\u00eda o de pluralidad de demandados, ser\u00e1 competencia exclusiva del Tribunal de Comercio de Quimper.<\/p>\n\n<p><em>Actualizado en noviembre de 2023<\/em><\/p>\n","protected":false},"excerpt":{"rendered":"<p>1 &#8211; CONDICI\u00d3N PRELIMINAR Los siguientes t\u00e9rminos y condiciones de venta rigen la relaci\u00f3n entre nuestros clientes y nosotros y, por consiguiente, la aceptaci\u00f3n de nuestras ofertas por parte de un cliente implica la aceptaci\u00f3n de estos t\u00e9rminos y condiciones, incluso si son contrarios a las cl\u00e1usulas estipuladas en las hojas de pedido o cartas [&hellip;]<\/p>\n","protected":false},"author":1,"featured_media":0,"parent":0,"menu_order":0,"comment_status":"closed","ping_status":"closed","template":"","meta":{"_et_pb_use_builder":"off","_et_pb_old_content":"","_et_gb_content_width":"","footnotes":""},"class_list":["post-2392","page","type-page","status-publish","hentry"],"yoast_head":"<!-- This site is optimized with the Yoast SEO plugin v27.3 - https:\/\/yoast.com\/product\/yoast-seo-wordpress\/ -->\n<title>Nuestras condiciones generales de venta - PIC<\/title>\n<meta name=\"description\" content=\"Aqu\u00ed encontrar\u00e1 las condiciones generales de venta de nuestros distintos productos y servicios de seguridad contra incendios.\" \/>\n<meta name=\"robots\" content=\"index, follow, max-snippet:-1, max-image-preview:large, max-video-preview:-1\" \/>\n<link rel=\"canonical\" href=\"https:\/\/pic29.com\/es\/nuestras-condiciones-generales-de-venta\/\" \/>\n<meta property=\"og:locale\" content=\"es_ES\" \/>\n<meta property=\"og:type\" content=\"article\" \/>\n<meta property=\"og:title\" content=\"Nuestras condiciones generales de venta - PIC\" \/>\n<meta property=\"og:description\" content=\"Aqu\u00ed encontrar\u00e1 las condiciones generales de venta de nuestros distintos productos y servicios de seguridad contra incendios.\" \/>\n<meta property=\"og:url\" content=\"https:\/\/pic29.com\/es\/nuestras-condiciones-generales-de-venta\/\" \/>\n<meta property=\"og:site_name\" content=\"PIC\" \/>\n<meta property=\"article:publisher\" content=\"https:\/\/m.facebook.com\/profile.php?id=453438624996269\" \/>\n<meta property=\"article:modified_time\" content=\"2023-11-22T13:18:19+00:00\" \/>\n<meta name=\"twitter:card\" content=\"summary_large_image\" \/>\n<meta name=\"twitter:label1\" content=\"Tiempo de lectura\" \/>\n\t<meta name=\"twitter:data1\" content=\"7 minutos\" \/>\n<script type=\"application\/ld+json\" class=\"yoast-schema-graph\">{\"@context\":\"https:\\\/\\\/schema.org\",\"@graph\":[{\"@type\":\"WebPage\",\"@id\":\"https:\\\/\\\/pic29.com\\\/es\\\/nuestras-condiciones-generales-de-venta\\\/\",\"url\":\"https:\\\/\\\/pic29.com\\\/es\\\/nuestras-condiciones-generales-de-venta\\\/\",\"name\":\"Nuestras condiciones generales de venta - PIC\",\"isPartOf\":{\"@id\":\"http:\\\/\\\/pic29.com\\\/es\\\/#website\"},\"datePublished\":\"2023-11-22T13:10:05+00:00\",\"dateModified\":\"2023-11-22T13:18:19+00:00\",\"description\":\"Aqu\u00ed encontrar\u00e1 las condiciones generales de venta de nuestros distintos productos y servicios de seguridad contra incendios.\",\"breadcrumb\":{\"@id\":\"https:\\\/\\\/pic29.com\\\/es\\\/nuestras-condiciones-generales-de-venta\\\/#breadcrumb\"},\"inLanguage\":\"es\",\"potentialAction\":[{\"@type\":\"ReadAction\",\"target\":[\"https:\\\/\\\/pic29.com\\\/es\\\/nuestras-condiciones-generales-de-venta\\\/\"]}]},{\"@type\":\"BreadcrumbList\",\"@id\":\"https:\\\/\\\/pic29.com\\\/es\\\/nuestras-condiciones-generales-de-venta\\\/#breadcrumb\",\"itemListElement\":[{\"@type\":\"ListItem\",\"position\":1,\"name\":\"P\u00e1gina de inicio\",\"item\":\"https:\\\/\\\/pic29.com\\\/es\\\/proteccion-incendios-cornouaille\\\/\"},{\"@type\":\"ListItem\",\"position\":2,\"name\":\"Nuestras condiciones generales de venta\"}]},{\"@type\":\"WebSite\",\"@id\":\"http:\\\/\\\/pic29.com\\\/es\\\/#website\",\"url\":\"http:\\\/\\\/pic29.com\\\/es\\\/\",\"name\":\"PIC\",\"description\":\"Protection Incendie Cornouaille\",\"publisher\":{\"@id\":\"http:\\\/\\\/pic29.com\\\/es\\\/#organization\"},\"potentialAction\":[{\"@type\":\"SearchAction\",\"target\":{\"@type\":\"EntryPoint\",\"urlTemplate\":\"http:\\\/\\\/pic29.com\\\/es\\\/?s={search_term_string}\"},\"query-input\":{\"@type\":\"PropertyValueSpecification\",\"valueRequired\":true,\"valueName\":\"search_term_string\"}}],\"inLanguage\":\"es\"},{\"@type\":\"Organization\",\"@id\":\"http:\\\/\\\/pic29.com\\\/es\\\/#organization\",\"name\":\"Protection Incendie Cornouaille\",\"url\":\"http:\\\/\\\/pic29.com\\\/es\\\/\",\"logo\":{\"@type\":\"ImageObject\",\"inLanguage\":\"es\",\"@id\":\"http:\\\/\\\/pic29.com\\\/es\\\/#\\\/schema\\\/logo\\\/image\\\/\",\"url\":\"https:\\\/\\\/pic29.com\\\/wp-content\\\/uploads\\\/2023\\\/03\\\/logo_PIC_600.png\",\"contentUrl\":\"https:\\\/\\\/pic29.com\\\/wp-content\\\/uploads\\\/2023\\\/03\\\/logo_PIC_600.png\",\"width\":601,\"height\":258,\"caption\":\"Protection Incendie Cornouaille\"},\"image\":{\"@id\":\"http:\\\/\\\/pic29.com\\\/es\\\/#\\\/schema\\\/logo\\\/image\\\/\"},\"sameAs\":[\"https:\\\/\\\/m.facebook.com\\\/profile.php?id=453438624996269\",\"https:\\\/\\\/fr.linkedin.com\\\/company\\\/protection-incendie-cornouaille\"]}]}<\/script>\n<!-- \/ Yoast SEO plugin. -->","yoast_head_json":{"title":"Nuestras condiciones generales de venta - PIC","description":"Aqu\u00ed encontrar\u00e1 las condiciones generales de venta de nuestros distintos productos y servicios de seguridad contra incendios.","robots":{"index":"index","follow":"follow","max-snippet":"max-snippet:-1","max-image-preview":"max-image-preview:large","max-video-preview":"max-video-preview:-1"},"canonical":"https:\/\/pic29.com\/es\/nuestras-condiciones-generales-de-venta\/","og_locale":"es_ES","og_type":"article","og_title":"Nuestras condiciones generales de venta - PIC","og_description":"Aqu\u00ed encontrar\u00e1 las condiciones generales de venta de nuestros distintos productos y servicios de seguridad contra incendios.","og_url":"https:\/\/pic29.com\/es\/nuestras-condiciones-generales-de-venta\/","og_site_name":"PIC","article_publisher":"https:\/\/m.facebook.com\/profile.php?id=453438624996269","article_modified_time":"2023-11-22T13:18:19+00:00","twitter_card":"summary_large_image","twitter_misc":{"Tiempo de lectura":"7 minutos"},"schema":{"@context":"https:\/\/schema.org","@graph":[{"@type":"WebPage","@id":"https:\/\/pic29.com\/es\/nuestras-condiciones-generales-de-venta\/","url":"https:\/\/pic29.com\/es\/nuestras-condiciones-generales-de-venta\/","name":"Nuestras condiciones generales de venta - PIC","isPartOf":{"@id":"http:\/\/pic29.com\/es\/#website"},"datePublished":"2023-11-22T13:10:05+00:00","dateModified":"2023-11-22T13:18:19+00:00","description":"Aqu\u00ed encontrar\u00e1 las condiciones generales de venta de nuestros distintos productos y servicios de seguridad contra incendios.","breadcrumb":{"@id":"https:\/\/pic29.com\/es\/nuestras-condiciones-generales-de-venta\/#breadcrumb"},"inLanguage":"es","potentialAction":[{"@type":"ReadAction","target":["https:\/\/pic29.com\/es\/nuestras-condiciones-generales-de-venta\/"]}]},{"@type":"BreadcrumbList","@id":"https:\/\/pic29.com\/es\/nuestras-condiciones-generales-de-venta\/#breadcrumb","itemListElement":[{"@type":"ListItem","position":1,"name":"P\u00e1gina de inicio","item":"https:\/\/pic29.com\/es\/proteccion-incendios-cornouaille\/"},{"@type":"ListItem","position":2,"name":"Nuestras condiciones generales de venta"}]},{"@type":"WebSite","@id":"http:\/\/pic29.com\/es\/#website","url":"http:\/\/pic29.com\/es\/","name":"PIC","description":"Protection Incendie Cornouaille","publisher":{"@id":"http:\/\/pic29.com\/es\/#organization"},"potentialAction":[{"@type":"SearchAction","target":{"@type":"EntryPoint","urlTemplate":"http:\/\/pic29.com\/es\/?s={search_term_string}"},"query-input":{"@type":"PropertyValueSpecification","valueRequired":true,"valueName":"search_term_string"}}],"inLanguage":"es"},{"@type":"Organization","@id":"http:\/\/pic29.com\/es\/#organization","name":"Protection Incendie Cornouaille","url":"http:\/\/pic29.com\/es\/","logo":{"@type":"ImageObject","inLanguage":"es","@id":"http:\/\/pic29.com\/es\/#\/schema\/logo\/image\/","url":"https:\/\/pic29.com\/wp-content\/uploads\/2023\/03\/logo_PIC_600.png","contentUrl":"https:\/\/pic29.com\/wp-content\/uploads\/2023\/03\/logo_PIC_600.png","width":601,"height":258,"caption":"Protection Incendie Cornouaille"},"image":{"@id":"http:\/\/pic29.com\/es\/#\/schema\/logo\/image\/"},"sameAs":["https:\/\/m.facebook.com\/profile.php?id=453438624996269","https:\/\/fr.linkedin.com\/company\/protection-incendie-cornouaille"]}]}},"_links":{"self":[{"href":"https:\/\/pic29.com\/es\/wp-json\/wp\/v2\/pages\/2392","targetHints":{"allow":["GET"]}}],"collection":[{"href":"https:\/\/pic29.com\/es\/wp-json\/wp\/v2\/pages"}],"about":[{"href":"https:\/\/pic29.com\/es\/wp-json\/wp\/v2\/types\/page"}],"author":[{"embeddable":true,"href":"https:\/\/pic29.com\/es\/wp-json\/wp\/v2\/users\/1"}],"replies":[{"embeddable":true,"href":"https:\/\/pic29.com\/es\/wp-json\/wp\/v2\/comments?post=2392"}],"version-history":[{"count":1,"href":"https:\/\/pic29.com\/es\/wp-json\/wp\/v2\/pages\/2392\/revisions"}],"predecessor-version":[{"id":2393,"href":"https:\/\/pic29.com\/es\/wp-json\/wp\/v2\/pages\/2392\/revisions\/2393"}],"wp:attachment":[{"href":"https:\/\/pic29.com\/es\/wp-json\/wp\/v2\/media?parent=2392"}],"curies":[{"name":"wp","href":"https:\/\/api.w.org\/{rel}","templated":true}]}}