{"id":2207,"date":"2023-04-28T12:44:09","date_gmt":"2023-04-28T12:44:09","guid":{"rendered":"https:\/\/pic29.com\/aviso-legales\/"},"modified":"2023-11-17T10:20:12","modified_gmt":"2023-11-17T10:20:12","slug":"aviso-legales","status":"publish","type":"page","link":"https:\/\/pic29.com\/es\/aviso-legales\/","title":{"rendered":"Aviso legales"},"content":{"rendered":"\n[et_pb_section fb_built=\u00bb1&#8243; theme_builder_area=\u00bbpost_content\u00bb _builder_version=\u00bb4.21.0&#8243; _module_preset=\u00bbdefault\u00bb][et_pb_row _builder_version=\u00bb4.21.0&#8243; _module_preset=\u00bbdefault\u00bb theme_builder_area=\u00bbpost_content\u00bb][et_pb_column _builder_version=\u00bb4.21.0&#8243; _module_preset=\u00bbdefault\u00bb type=\u00bb4_4&#8243; theme_builder_area=\u00bbpost_content\u00bb][et_pb_text _builder_version=\u00bb4.21.0&#8243; _module_preset=\u00bbdefault\u00bb theme_builder_area=\u00bbpost_content\u00bb hover_enabled=\u00bb0&#8243; sticky_enabled=\u00bb0&#8243;]<h2><span style=\"text-decoration: underline;\"><strong>Editorial:<\/strong><\/span><\/h2>\n<p>El sitio <strong>www.pic29.com<\/strong> est\u00e1 editado por <strong>Protection Incendie Cornouaille, <\/strong>con domicilio en 2 rue L\u00e9opold S\u00e9dar Senghor, 29900 Concarneau.<\/p>\n<p>Creado en febrero de 1986 y modificado en octubre de 2023<br>SAS con un capital de 7700<br>N\u00daMERO SIRET: 378 801 385 000 30<br>C\u00d3DIGO APE: 4669 B<br>IVA intracomunitario: FR85 378 385<\/p>\n<h2><span style=\"text-decoration: underline;\">Director de publicaci\u00f3n<\/span>:<\/h2>\n<p>Dominique Le Lay Director General<\/p>\n<h2 style=\"text-align: justify;\"><strong><span style=\"text-decoration: underline;\">Solicitudes de informaci\u00f3n<\/span><\/strong><\/h2>\n<p>Si tiene alguna duda, necesita informaci\u00f3n sobre c\u00f3mo utilizar el sitio web o tiene cualquier otra pregunta t\u00e9cnica, p\u00f3ngase en contacto con la empresa llamando al 02 98 97 01 65, de lunes a viernes, de 9.00 a 12.00 y de 14.00 a 18.00 horas. La empresa es propietaria de su identidad gr\u00e1fica y de los contenidos que publica. Todas las im\u00e1genes est\u00e1n sujetas a una solicitud de autorizaci\u00f3n del propietario.<\/p>\n<h2><span style=\"text-decoration: underline;\"><strong>Anfitri\u00f3n<\/strong><\/span> :<\/h2>\n<p>OVH<br>2 rue Kellermann &#8211; 59100 Roubaix &#8211; Francia<\/p>\n<h2><span style=\"text-decoration: underline;\"><strong>Webmaster <\/strong><\/span>:<\/h2>\n<p>La Agencia Sea to Sea<\/p>\n<p>3 rue de K\u00e9rose<br>29900 Concarneau<\/p>\n<h2><strong><span style=\"text-decoration: underline;\">Fotos<\/span><\/strong> :<\/h2>\n<p>Agradecemos a Georges Segalen el uso de algunas de sus fotos.<\/p>\nCr\u00e9ditos fotolia, unsplash, PIC<\/p>\n<h2><p><span style=\"text-decoration: underline;\"><strong>Protecci\u00f3n de datos personales<br><\/strong><\/span>\n<\/h2>\n<p>Protection Incendie Cornouaille se compromete a no divulgar a terceros ninguna informaci\u00f3n comunicada por sus clientes en el sitio web. Son confidenciales. S\u00f3lo se utilizar\u00e1 para reforzar y personalizar la comunicaci\u00f3n, en particular mediante cartas\/correos electr\u00f3nicos informativos, y para personalizar el Sitio en funci\u00f3n de las preferencias de los internautas.<\/p>[\/et_pb_text][\/et_pb_column][\/et_pb_row][\/et_pb_section]\n","protected":false},"excerpt":{"rendered":"<p>Editorial: El sitio www.pic29.com est\u00e1 editado por Protection Incendie Cornouaille, con domicilio en 2 rue L\u00e9opold S\u00e9dar Senghor, 29900 Concarneau. Creado en febrero de 1986 y modificado en octubre de 2023SAS con un capital de 7700N\u00daMERO SIRET: 378 801 385 000 30C\u00d3DIGO APE: 4669 BIVA intracomunitario: FR85 378 385 Director de publicaci\u00f3n: Dominique Le Lay [&hellip;]<\/p>\n","protected":false},"author":1,"featured_media":0,"parent":0,"menu_order":0,"comment_status":"closed","ping_status":"closed","template":"","meta":{"_et_pb_use_builder":"on","_et_pb_old_content":"","_et_gb_content_width":"","footnotes":""},"class_list":["post-2207","page","type-page","status-publish","hentry"],"yoast_head":"<!-- This site is optimized with the Yoast SEO plugin v27.3 - https:\/\/yoast.com\/product\/yoast-seo-wordpress\/ -->\n<title>Aviso legales - PIC<\/title>\n<meta name=\"description\" content=\"&quot; Consulte nuestro aviso legal para obtener informaci\u00f3n jur\u00eddica importante sobre PIC, su socio en seguridad contra incendios.\" \/>\n<meta name=\"robots\" content=\"index, follow, max-snippet:-1, max-image-preview:large, max-video-preview:-1\" \/>\n<link rel=\"canonical\" href=\"https:\/\/pic29.com\/es\/aviso-legales\/\" \/>\n<meta property=\"og:locale\" content=\"es_ES\" \/>\n<meta property=\"og:type\" content=\"article\" \/>\n<meta property=\"og:title\" content=\"Aviso legales - PIC\" \/>\n<meta property=\"og:description\" content=\"&quot; Consulte nuestro aviso legal para obtener informaci\u00f3n jur\u00eddica importante sobre PIC, su socio en seguridad contra incendios.\" \/>\n<meta property=\"og:url\" content=\"https:\/\/pic29.com\/es\/aviso-legales\/\" \/>\n<meta property=\"og:site_name\" content=\"PIC\" \/>\n<meta property=\"article:publisher\" content=\"https:\/\/m.facebook.com\/profile.php?id=453438624996269\" \/>\n<meta property=\"article:modified_time\" content=\"2023-11-17T10:20:12+00:00\" \/>\n<meta name=\"twitter:card\" content=\"summary_large_image\" \/>\n<meta name=\"twitter:label1\" content=\"Tiempo de lectura\" \/>\n\t<meta name=\"twitter:data1\" content=\"1 minuto\" \/>\n<script type=\"application\/ld+json\" class=\"yoast-schema-graph\">{\"@context\":\"https:\\\/\\\/schema.org\",\"@graph\":[{\"@type\":\"WebPage\",\"@id\":\"https:\\\/\\\/pic29.com\\\/es\\\/aviso-legales\\\/\",\"url\":\"https:\\\/\\\/pic29.com\\\/es\\\/aviso-legales\\\/\",\"name\":\"Aviso legales - PIC\",\"isPartOf\":{\"@id\":\"http:\\\/\\\/pic29.com\\\/es\\\/#website\"},\"datePublished\":\"2023-04-28T12:44:09+00:00\",\"dateModified\":\"2023-11-17T10:20:12+00:00\",\"description\":\"\\\" Consulte nuestro aviso legal para obtener informaci\u00f3n jur\u00eddica importante sobre PIC, su socio en seguridad contra incendios.\",\"breadcrumb\":{\"@id\":\"https:\\\/\\\/pic29.com\\\/es\\\/aviso-legales\\\/#breadcrumb\"},\"inLanguage\":\"es\",\"potentialAction\":[{\"@type\":\"ReadAction\",\"target\":[\"https:\\\/\\\/pic29.com\\\/es\\\/aviso-legales\\\/\"]}]},{\"@type\":\"BreadcrumbList\",\"@id\":\"https:\\\/\\\/pic29.com\\\/es\\\/aviso-legales\\\/#breadcrumb\",\"itemListElement\":[{\"@type\":\"ListItem\",\"position\":1,\"name\":\"P\u00e1gina de inicio\",\"item\":\"https:\\\/\\\/pic29.com\\\/es\\\/proteccion-incendios-cornouaille\\\/\"},{\"@type\":\"ListItem\",\"position\":2,\"name\":\"Aviso legales\"}]},{\"@type\":\"WebSite\",\"@id\":\"http:\\\/\\\/pic29.com\\\/es\\\/#website\",\"url\":\"http:\\\/\\\/pic29.com\\\/es\\\/\",\"name\":\"PIC\",\"description\":\"Protection Incendie Cornouaille\",\"publisher\":{\"@id\":\"http:\\\/\\\/pic29.com\\\/es\\\/#organization\"},\"potentialAction\":[{\"@type\":\"SearchAction\",\"target\":{\"@type\":\"EntryPoint\",\"urlTemplate\":\"http:\\\/\\\/pic29.com\\\/es\\\/?s={search_term_string}\"},\"query-input\":{\"@type\":\"PropertyValueSpecification\",\"valueRequired\":true,\"valueName\":\"search_term_string\"}}],\"inLanguage\":\"es\"},{\"@type\":\"Organization\",\"@id\":\"http:\\\/\\\/pic29.com\\\/es\\\/#organization\",\"name\":\"Protection Incendie Cornouaille\",\"url\":\"http:\\\/\\\/pic29.com\\\/es\\\/\",\"logo\":{\"@type\":\"ImageObject\",\"inLanguage\":\"es\",\"@id\":\"http:\\\/\\\/pic29.com\\\/es\\\/#\\\/schema\\\/logo\\\/image\\\/\",\"url\":\"https:\\\/\\\/pic29.com\\\/wp-content\\\/uploads\\\/2023\\\/03\\\/logo_PIC_600.png\",\"contentUrl\":\"https:\\\/\\\/pic29.com\\\/wp-content\\\/uploads\\\/2023\\\/03\\\/logo_PIC_600.png\",\"width\":601,\"height\":258,\"caption\":\"Protection Incendie Cornouaille\"},\"image\":{\"@id\":\"http:\\\/\\\/pic29.com\\\/es\\\/#\\\/schema\\\/logo\\\/image\\\/\"},\"sameAs\":[\"https:\\\/\\\/m.facebook.com\\\/profile.php?id=453438624996269\",\"https:\\\/\\\/fr.linkedin.com\\\/company\\\/protection-incendie-cornouaille\"]}]}<\/script>\n<!-- \/ Yoast SEO plugin. -->","yoast_head_json":{"title":"Aviso legales - PIC","description":"\" Consulte nuestro aviso legal para obtener informaci\u00f3n jur\u00eddica importante sobre PIC, su socio en seguridad contra incendios.","robots":{"index":"index","follow":"follow","max-snippet":"max-snippet:-1","max-image-preview":"max-image-preview:large","max-video-preview":"max-video-preview:-1"},"canonical":"https:\/\/pic29.com\/es\/aviso-legales\/","og_locale":"es_ES","og_type":"article","og_title":"Aviso legales - PIC","og_description":"\" Consulte nuestro aviso legal para obtener informaci\u00f3n jur\u00eddica importante sobre PIC, su socio en seguridad contra incendios.","og_url":"https:\/\/pic29.com\/es\/aviso-legales\/","og_site_name":"PIC","article_publisher":"https:\/\/m.facebook.com\/profile.php?id=453438624996269","article_modified_time":"2023-11-17T10:20:12+00:00","twitter_card":"summary_large_image","twitter_misc":{"Tiempo de lectura":"1 minuto"},"schema":{"@context":"https:\/\/schema.org","@graph":[{"@type":"WebPage","@id":"https:\/\/pic29.com\/es\/aviso-legales\/","url":"https:\/\/pic29.com\/es\/aviso-legales\/","name":"Aviso legales - PIC","isPartOf":{"@id":"http:\/\/pic29.com\/es\/#website"},"datePublished":"2023-04-28T12:44:09+00:00","dateModified":"2023-11-17T10:20:12+00:00","description":"\" Consulte nuestro aviso legal para obtener informaci\u00f3n jur\u00eddica importante sobre PIC, su socio en seguridad contra incendios.","breadcrumb":{"@id":"https:\/\/pic29.com\/es\/aviso-legales\/#breadcrumb"},"inLanguage":"es","potentialAction":[{"@type":"ReadAction","target":["https:\/\/pic29.com\/es\/aviso-legales\/"]}]},{"@type":"BreadcrumbList","@id":"https:\/\/pic29.com\/es\/aviso-legales\/#breadcrumb","itemListElement":[{"@type":"ListItem","position":1,"name":"P\u00e1gina de inicio","item":"https:\/\/pic29.com\/es\/proteccion-incendios-cornouaille\/"},{"@type":"ListItem","position":2,"name":"Aviso legales"}]},{"@type":"WebSite","@id":"http:\/\/pic29.com\/es\/#website","url":"http:\/\/pic29.com\/es\/","name":"PIC","description":"Protection Incendie Cornouaille","publisher":{"@id":"http:\/\/pic29.com\/es\/#organization"},"potentialAction":[{"@type":"SearchAction","target":{"@type":"EntryPoint","urlTemplate":"http:\/\/pic29.com\/es\/?s={search_term_string}"},"query-input":{"@type":"PropertyValueSpecification","valueRequired":true,"valueName":"search_term_string"}}],"inLanguage":"es"},{"@type":"Organization","@id":"http:\/\/pic29.com\/es\/#organization","name":"Protection Incendie Cornouaille","url":"http:\/\/pic29.com\/es\/","logo":{"@type":"ImageObject","inLanguage":"es","@id":"http:\/\/pic29.com\/es\/#\/schema\/logo\/image\/","url":"https:\/\/pic29.com\/wp-content\/uploads\/2023\/03\/logo_PIC_600.png","contentUrl":"https:\/\/pic29.com\/wp-content\/uploads\/2023\/03\/logo_PIC_600.png","width":601,"height":258,"caption":"Protection Incendie Cornouaille"},"image":{"@id":"http:\/\/pic29.com\/es\/#\/schema\/logo\/image\/"},"sameAs":["https:\/\/m.facebook.com\/profile.php?id=453438624996269","https:\/\/fr.linkedin.com\/company\/protection-incendie-cornouaille"]}]}},"_links":{"self":[{"href":"https:\/\/pic29.com\/es\/wp-json\/wp\/v2\/pages\/2207","targetHints":{"allow":["GET"]}}],"collection":[{"href":"https:\/\/pic29.com\/es\/wp-json\/wp\/v2\/pages"}],"about":[{"href":"https:\/\/pic29.com\/es\/wp-json\/wp\/v2\/types\/page"}],"author":[{"embeddable":true,"href":"https:\/\/pic29.com\/es\/wp-json\/wp\/v2\/users\/1"}],"replies":[{"embeddable":true,"href":"https:\/\/pic29.com\/es\/wp-json\/wp\/v2\/comments?post=2207"}],"version-history":[{"count":1,"href":"https:\/\/pic29.com\/es\/wp-json\/wp\/v2\/pages\/2207\/revisions"}],"predecessor-version":[{"id":2208,"href":"https:\/\/pic29.com\/es\/wp-json\/wp\/v2\/pages\/2207\/revisions\/2208"}],"wp:attachment":[{"href":"https:\/\/pic29.com\/es\/wp-json\/wp\/v2\/media?parent=2207"}],"curies":[{"name":"wp","href":"https:\/\/api.w.org\/{rel}","templated":true}]}}