{"id":2204,"date":"2023-03-13T12:47:49","date_gmt":"2023-03-13T12:47:49","guid":{"rendered":"https:\/\/pic29.com\/proteccion-incendios-cornouaille\/"},"modified":"2023-11-17T10:18:09","modified_gmt":"2023-11-17T10:18:09","slug":"proteccion-incendios-cornouaille","status":"publish","type":"page","link":"https:\/\/pic29.com\/es\/","title":{"rendered":"Protecci\u00f3n Incendios Cornouaille"},"content":{"rendered":"<p>[et_pb_section admin_label=\u00bbsection\u00bb]<br \/>\n\t\t\t[et_pb_row admin_label=\u00bbfila\u00bb]<br \/>\n\t\t\t\t[et_pb_column type=\u00bb4_4&#8243;][et_pb_text admin_label=\u00bbText\u00bb]<!-- divi:paragraph --><\/p>\n<p>Esta es una p\u00e1gina de ejemplo. Es diferente de una entrada de blog porque permanecer\u00e1 en un lugar y se mostrar\u00e1 en la navegaci\u00f3n de su sitio (en la mayor\u00eda de los temas). La mayor\u00eda de la gente empieza con una p\u00e1gina Acerca de que les presenta a los visitantes potenciales del sitio. Podr\u00eda decir algo as\u00ed:<\/p>\n<p><!-- \/divi:paragraph --><\/p>\n<p><!-- divi:quote --><\/p>\n<blockquote class=\"wp-block-quote\"><p><!-- divi:paragraph --><\/p>\n<p>\u00a1Hola! Soy mensajero en bicicleta de d\u00eda, aspirante a actor de noche, y este es mi sitio web. Vivo en Los \u00c1ngeles, tengo un perro estupendo que se llama Jack y me gustan las pi\u00f1as coladas. (Y quedar atrapado en la lluvia.)<\/p>\n<p><!-- \/divi:paragraph --><\/p><\/blockquote>\n<p><!-- \/divi:quote --><\/p>\n<p><!-- divi:paragraph --><\/p>\n<p>&#8230;o algo as\u00ed:<\/p>\n<p><!-- \/divi:paragraph --><\/p>\n<p><!-- divi:quote --><\/p>\n<blockquote class=\"wp-block-quote\"><p><!-- divi:paragraph --><\/p>\n<p>XYZ Doohickey Company se fund\u00f3 en 1971 y, desde entonces, suministra doohickeys de calidad al p\u00fablico. Situada en Gotham City, XYZ emplea a m\u00e1s de 2.000 personas y hace todo tipo de cosas incre\u00edbles por la comunidad de Gotham.<\/p>\n<p><!-- \/divi:paragraph --><\/p><\/blockquote>\n<p><!-- \/divi:quote --><\/p>\n<p><!-- divi:paragraph --><\/p>\n<p>Como nuevo usuario de WordPress, debe ir a <a href=\"http:\/\/pic29.com\/wp-admin\/\">su panel de control<\/a> para eliminar esta p\u00e1gina y crear nuevas p\u00e1ginas para su contenido. \u00a1Que te diviertas!<\/p>\n<p><!-- \/divi:paragraph -->[\/et_pb_text][\/et_pb_column]<br \/>\n\t\t\t[\/et_pb_row]<br \/>\n\t\t[\/et_pb_section]<\/p>\n","protected":false},"excerpt":{"rendered":"<p>Seguridad contra incendios por expertos. Sistemas, instalaci\u00f3n, mantenimiento, formaci\u00f3n. Proteja su negocio mar\u00edtimo o terrestre con PIC.<\/p>\n","protected":false},"author":1,"featured_media":1313,"parent":0,"menu_order":0,"comment_status":"closed","ping_status":"open","template":"","meta":{"_et_pb_use_builder":"on","_et_pb_old_content":"","_et_gb_content_width":"","footnotes":""},"class_list":["post-2204","page","type-page","status-publish","has-post-thumbnail","hentry"],"yoast_head":"<!-- This site is optimized with the Yoast SEO plugin v27.3 - https:\/\/yoast.com\/product\/yoast-seo-wordpress\/ -->\n<title>Protecci\u00f3n Incendios Cornouaille - PIC<\/title>\n<meta name=\"description\" content=\"Seguridad contra incendios por expertos. Sistemas, instalaci\u00f3n, mantenimiento, formaci\u00f3n. Proteja su negocio mar\u00edtimo o terrestre con PIC.\" \/>\n<meta name=\"robots\" content=\"index, follow, max-snippet:-1, max-image-preview:large, max-video-preview:-1\" \/>\n<link rel=\"canonical\" href=\"https:\/\/pic29.com\/es\/\" \/>\n<meta property=\"og:locale\" content=\"es_ES\" \/>\n<meta property=\"og:type\" content=\"article\" \/>\n<meta property=\"og:title\" content=\"Protecci\u00f3n Incendios Cornouaille - PIC\" \/>\n<meta property=\"og:description\" content=\"Seguridad contra incendios por expertos. Sistemas, instalaci\u00f3n, mantenimiento, formaci\u00f3n. Proteja su negocio mar\u00edtimo o terrestre con PIC.\" \/>\n<meta property=\"og:url\" content=\"https:\/\/pic29.com\/es\/\" \/>\n<meta property=\"og:site_name\" content=\"PIC\" \/>\n<meta property=\"article:publisher\" content=\"https:\/\/m.facebook.com\/profile.php?id=453438624996269\" \/>\n<meta property=\"article:modified_time\" content=\"2023-11-17T10:18:09+00:00\" \/>\n<meta property=\"og:image\" content=\"https:\/\/pic29.com\/wp-content\/uploads\/2023\/04\/BANNIERE.jpg\" \/>\n\t<meta property=\"og:image:width\" content=\"1920\" \/>\n\t<meta property=\"og:image:height\" content=\"1080\" \/>\n\t<meta property=\"og:image:type\" content=\"image\/jpeg\" \/>\n<meta name=\"twitter:card\" content=\"summary_large_image\" \/>\n<meta name=\"twitter:label1\" content=\"Tiempo de lectura\" \/>\n\t<meta name=\"twitter:data1\" content=\"1 minuto\" \/>\n<script type=\"application\/ld+json\" class=\"yoast-schema-graph\">{\"@context\":\"https:\\\/\\\/schema.org\",\"@graph\":[{\"@type\":\"WebPage\",\"@id\":\"https:\\\/\\\/pic29.com\\\/es\\\/\",\"url\":\"https:\\\/\\\/pic29.com\\\/es\\\/\",\"name\":\"Protecci\u00f3n Incendios Cornouaille - PIC\",\"isPartOf\":{\"@id\":\"http:\\\/\\\/pic29.com\\\/es\\\/#website\"},\"primaryImageOfPage\":{\"@id\":\"https:\\\/\\\/pic29.com\\\/es\\\/#primaryimage\"},\"image\":{\"@id\":\"https:\\\/\\\/pic29.com\\\/es\\\/#primaryimage\"},\"thumbnailUrl\":\"https:\\\/\\\/pic29.com\\\/wp-content\\\/uploads\\\/2023\\\/04\\\/BANNIERE.jpg\",\"datePublished\":\"2023-03-13T12:47:49+00:00\",\"dateModified\":\"2023-11-17T10:18:09+00:00\",\"description\":\"Seguridad contra incendios por expertos. Sistemas, instalaci\u00f3n, mantenimiento, formaci\u00f3n. Proteja su negocio mar\u00edtimo o terrestre con PIC.\",\"breadcrumb\":{\"@id\":\"https:\\\/\\\/pic29.com\\\/es\\\/#breadcrumb\"},\"inLanguage\":\"es\",\"potentialAction\":[{\"@type\":\"ReadAction\",\"target\":[\"https:\\\/\\\/pic29.com\\\/es\\\/\"]}]},{\"@type\":\"ImageObject\",\"inLanguage\":\"es\",\"@id\":\"https:\\\/\\\/pic29.com\\\/es\\\/#primaryimage\",\"url\":\"https:\\\/\\\/pic29.com\\\/wp-content\\\/uploads\\\/2023\\\/04\\\/BANNIERE.jpg\",\"contentUrl\":\"https:\\\/\\\/pic29.com\\\/wp-content\\\/uploads\\\/2023\\\/04\\\/BANNIERE.jpg\",\"width\":1920,\"height\":1080},{\"@type\":\"BreadcrumbList\",\"@id\":\"https:\\\/\\\/pic29.com\\\/es\\\/#breadcrumb\",\"itemListElement\":[{\"@type\":\"ListItem\",\"position\":1,\"name\":\"P\u00e1gina de inicio\",\"item\":\"https:\\\/\\\/pic29.com\\\/es\\\/proteccion-incendios-cornouaille\\\/\"},{\"@type\":\"ListItem\",\"position\":2,\"name\":\"Protecci\u00f3n Incendios Cornouaille\"}]},{\"@type\":\"WebSite\",\"@id\":\"http:\\\/\\\/pic29.com\\\/es\\\/#website\",\"url\":\"http:\\\/\\\/pic29.com\\\/es\\\/\",\"name\":\"PIC\",\"description\":\"Protection Incendie Cornouaille\",\"publisher\":{\"@id\":\"http:\\\/\\\/pic29.com\\\/es\\\/#organization\"},\"potentialAction\":[{\"@type\":\"SearchAction\",\"target\":{\"@type\":\"EntryPoint\",\"urlTemplate\":\"http:\\\/\\\/pic29.com\\\/es\\\/?s={search_term_string}\"},\"query-input\":{\"@type\":\"PropertyValueSpecification\",\"valueRequired\":true,\"valueName\":\"search_term_string\"}}],\"inLanguage\":\"es\"},{\"@type\":\"Organization\",\"@id\":\"http:\\\/\\\/pic29.com\\\/es\\\/#organization\",\"name\":\"Protection Incendie Cornouaille\",\"url\":\"http:\\\/\\\/pic29.com\\\/es\\\/\",\"logo\":{\"@type\":\"ImageObject\",\"inLanguage\":\"es\",\"@id\":\"http:\\\/\\\/pic29.com\\\/es\\\/#\\\/schema\\\/logo\\\/image\\\/\",\"url\":\"https:\\\/\\\/pic29.com\\\/wp-content\\\/uploads\\\/2023\\\/03\\\/logo_PIC_600.png\",\"contentUrl\":\"https:\\\/\\\/pic29.com\\\/wp-content\\\/uploads\\\/2023\\\/03\\\/logo_PIC_600.png\",\"width\":601,\"height\":258,\"caption\":\"Protection Incendie Cornouaille\"},\"image\":{\"@id\":\"http:\\\/\\\/pic29.com\\\/es\\\/#\\\/schema\\\/logo\\\/image\\\/\"},\"sameAs\":[\"https:\\\/\\\/m.facebook.com\\\/profile.php?id=453438624996269\",\"https:\\\/\\\/fr.linkedin.com\\\/company\\\/protection-incendie-cornouaille\"]}]}<\/script>\n<!-- \/ Yoast SEO plugin. -->","yoast_head_json":{"title":"Protecci\u00f3n Incendios Cornouaille - PIC","description":"Seguridad contra incendios por expertos. Sistemas, instalaci\u00f3n, mantenimiento, formaci\u00f3n. Proteja su negocio mar\u00edtimo o terrestre con PIC.","robots":{"index":"index","follow":"follow","max-snippet":"max-snippet:-1","max-image-preview":"max-image-preview:large","max-video-preview":"max-video-preview:-1"},"canonical":"https:\/\/pic29.com\/es\/","og_locale":"es_ES","og_type":"article","og_title":"Protecci\u00f3n Incendios Cornouaille - PIC","og_description":"Seguridad contra incendios por expertos. Sistemas, instalaci\u00f3n, mantenimiento, formaci\u00f3n. Proteja su negocio mar\u00edtimo o terrestre con PIC.","og_url":"https:\/\/pic29.com\/es\/","og_site_name":"PIC","article_publisher":"https:\/\/m.facebook.com\/profile.php?id=453438624996269","article_modified_time":"2023-11-17T10:18:09+00:00","og_image":[{"width":1920,"height":1080,"url":"https:\/\/pic29.com\/wp-content\/uploads\/2023\/04\/BANNIERE.jpg","type":"image\/jpeg"}],"twitter_card":"summary_large_image","twitter_misc":{"Tiempo de lectura":"1 minuto"},"schema":{"@context":"https:\/\/schema.org","@graph":[{"@type":"WebPage","@id":"https:\/\/pic29.com\/es\/","url":"https:\/\/pic29.com\/es\/","name":"Protecci\u00f3n Incendios Cornouaille - PIC","isPartOf":{"@id":"http:\/\/pic29.com\/es\/#website"},"primaryImageOfPage":{"@id":"https:\/\/pic29.com\/es\/#primaryimage"},"image":{"@id":"https:\/\/pic29.com\/es\/#primaryimage"},"thumbnailUrl":"https:\/\/pic29.com\/wp-content\/uploads\/2023\/04\/BANNIERE.jpg","datePublished":"2023-03-13T12:47:49+00:00","dateModified":"2023-11-17T10:18:09+00:00","description":"Seguridad contra incendios por expertos. Sistemas, instalaci\u00f3n, mantenimiento, formaci\u00f3n. Proteja su negocio mar\u00edtimo o terrestre con PIC.","breadcrumb":{"@id":"https:\/\/pic29.com\/es\/#breadcrumb"},"inLanguage":"es","potentialAction":[{"@type":"ReadAction","target":["https:\/\/pic29.com\/es\/"]}]},{"@type":"ImageObject","inLanguage":"es","@id":"https:\/\/pic29.com\/es\/#primaryimage","url":"https:\/\/pic29.com\/wp-content\/uploads\/2023\/04\/BANNIERE.jpg","contentUrl":"https:\/\/pic29.com\/wp-content\/uploads\/2023\/04\/BANNIERE.jpg","width":1920,"height":1080},{"@type":"BreadcrumbList","@id":"https:\/\/pic29.com\/es\/#breadcrumb","itemListElement":[{"@type":"ListItem","position":1,"name":"P\u00e1gina de inicio","item":"https:\/\/pic29.com\/es\/proteccion-incendios-cornouaille\/"},{"@type":"ListItem","position":2,"name":"Protecci\u00f3n Incendios Cornouaille"}]},{"@type":"WebSite","@id":"http:\/\/pic29.com\/es\/#website","url":"http:\/\/pic29.com\/es\/","name":"PIC","description":"Protection Incendie Cornouaille","publisher":{"@id":"http:\/\/pic29.com\/es\/#organization"},"potentialAction":[{"@type":"SearchAction","target":{"@type":"EntryPoint","urlTemplate":"http:\/\/pic29.com\/es\/?s={search_term_string}"},"query-input":{"@type":"PropertyValueSpecification","valueRequired":true,"valueName":"search_term_string"}}],"inLanguage":"es"},{"@type":"Organization","@id":"http:\/\/pic29.com\/es\/#organization","name":"Protection Incendie Cornouaille","url":"http:\/\/pic29.com\/es\/","logo":{"@type":"ImageObject","inLanguage":"es","@id":"http:\/\/pic29.com\/es\/#\/schema\/logo\/image\/","url":"https:\/\/pic29.com\/wp-content\/uploads\/2023\/03\/logo_PIC_600.png","contentUrl":"https:\/\/pic29.com\/wp-content\/uploads\/2023\/03\/logo_PIC_600.png","width":601,"height":258,"caption":"Protection Incendie Cornouaille"},"image":{"@id":"http:\/\/pic29.com\/es\/#\/schema\/logo\/image\/"},"sameAs":["https:\/\/m.facebook.com\/profile.php?id=453438624996269","https:\/\/fr.linkedin.com\/company\/protection-incendie-cornouaille"]}]}},"_links":{"self":[{"href":"https:\/\/pic29.com\/es\/wp-json\/wp\/v2\/pages\/2204","targetHints":{"allow":["GET"]}}],"collection":[{"href":"https:\/\/pic29.com\/es\/wp-json\/wp\/v2\/pages"}],"about":[{"href":"https:\/\/pic29.com\/es\/wp-json\/wp\/v2\/types\/page"}],"author":[{"embeddable":true,"href":"https:\/\/pic29.com\/es\/wp-json\/wp\/v2\/users\/1"}],"replies":[{"embeddable":true,"href":"https:\/\/pic29.com\/es\/wp-json\/wp\/v2\/comments?post=2204"}],"version-history":[{"count":2,"href":"https:\/\/pic29.com\/es\/wp-json\/wp\/v2\/pages\/2204\/revisions"}],"predecessor-version":[{"id":2206,"href":"https:\/\/pic29.com\/es\/wp-json\/wp\/v2\/pages\/2204\/revisions\/2206"}],"wp:featuredmedia":[{"embeddable":true,"href":"https:\/\/pic29.com\/es\/wp-json\/wp\/v2\/media\/1313"}],"wp:attachment":[{"href":"https:\/\/pic29.com\/es\/wp-json\/wp\/v2\/media?parent=2204"}],"curies":[{"name":"wp","href":"https:\/\/api.w.org\/{rel}","templated":true}]}}