{"id":2188,"date":"2023-03-13T12:47:49","date_gmt":"2023-03-13T12:47:49","guid":{"rendered":"https:\/\/pic29.com\/politica-de-privacidad\/"},"modified":"2023-11-20T13:19:55","modified_gmt":"2023-11-20T13:19:55","slug":"politica-de-privacidad","status":"publish","type":"page","link":"https:\/\/pic29.com\/es\/politica-de-privacidad\/","title":{"rendered":"Pol\u00edtica de privacidad"},"content":{"rendered":"\n<h2 class=\"wp-block-heading\">\u00bfQui\u00e9nes somos?<\/h2>\n\n<p>La direcci\u00f3n de nuestro sitio web es http:\/\/pic29.com.<\/p>\n\n<h2 class=\"wp-block-heading\">Comentarios<\/h2>\n\n<p>Cuando los visitantes dejan comentarios en el sitio, recogemos los datos contenidos en el formulario de comentarios, as\u00ed como la direcci\u00f3n IP del visitante y la cadena de agentes de usuario del navegador para ayudar a detectar el spam.<\/p>\n\n<p>Se puede proporcionar al servicio Gravatar una cadena an\u00f3nima creada a partir de tu direcci\u00f3n de correo electr\u00f3nico (tambi\u00e9n conocida como \u00abhash\u00bb) para comprobar que la est\u00e1s utilizando. La pol\u00edtica de privacidad de Gravatar est\u00e1 disponible aqu\u00ed: https:\/\/automattic.com\/privacy\/. Una vez aprobado tu comentario, tu foto de perfil ser\u00e1 visible para el p\u00fablico en el contexto de tu comentario.<\/p>\n\n<h2 class=\"wp-block-heading\">Medios de comunicaci\u00f3n<\/h2>\n\n<p>Si descarga im\u00e1genes del sitio web, debe evitar descargar im\u00e1genes que contengan datos de localizaci\u00f3n (EXIF GPS). Los visitantes del sitio web pueden descargar y extraer todos los datos de localizaci\u00f3n de im\u00e1genes del sitio web.<\/p>\n\n<h2 class=\"wp-block-heading\">Cookies<\/h2>\n\n<p>Si deja un comentario en nuestro sitio, puede aceptar que su nombre, direcci\u00f3n de correo electr\u00f3nico y sitio web se almacenen en cookies. Estas cookies tienen por objeto facilitarle las cosas, para que no tenga que volver a facilitar sus datos de contacto cuando deje otro comentario. Estas galletas tienen una vida \u00fatil de un a\u00f1o.<\/p>\n\n<p>Si visita nuestra p\u00e1gina de inicio de sesi\u00f3n, instalaremos una cookie temporal para determinar si su navegador acepta cookies. Esta cookie no contiene datos personales y se elimina al cerrar el navegador.<\/p>\n\n<h2 class=\"wp-block-heading\">Contenidos integrados de otros sitios web<\/h2>\n\n<p>Los art\u00edculos de este sitio pueden tener contenido incrustado (por ejemplo, v\u00eddeos, im\u00e1genes, art\u00edculos, etc.). El contenido incrustado de otros sitios web se comporta exactamente igual que si el visitante hubiera visitado el otro sitio web.<\/p>\n\n<p>Estos sitios web pueden recopilar datos sobre usted, utilizar cookies, integrar un seguimiento adicional por parte de terceros y supervisar su interacci\u00f3n con este contenido integrado, incluida su interacci\u00f3n con el contenido integrado si tiene una cuenta y est\u00e1 conectado a este sitio web.<\/p>\n\n<p>\u00bfCon qui\u00e9n compartimos sus datos?<\/p>\n\n<p>Si solicita un restablecimiento de contrase\u00f1a, su direcci\u00f3n IP se incluir\u00e1 en el correo electr\u00f3nico de restablecimiento.<\/p>\n\n<h2 class=\"wp-block-heading\">Per\u00edodo de conservaci\u00f3n de los datos<\/h2>\n\n<p>Si deja un comentario, \u00e9ste y sus metadatos se conservar\u00e1n indefinidamente. Esto nos permite reconocer y aprobar autom\u00e1ticamente los comentarios posteriores en lugar de mantenerlos en una cola de moderaci\u00f3n.<\/p>\n\n<p>En el caso de los usuarios que se registran en nuestro sitio web (si procede), tambi\u00e9n almacenamos la informaci\u00f3n personal que nos facilitan en su perfil de usuario. Todos los usuarios pueden ver, modificar o borrar su informaci\u00f3n personal en cualquier momento (excepto que no pueden cambiar su nombre de usuario). Los administradores del sitio web tambi\u00e9n pueden consultar y modificar esta informaci\u00f3n.<\/p>\n\n<h2 class=\"wp-block-heading\">\u00bfQu\u00e9 derechos tiene sobre sus datos?<\/h2>\n\n<p>Si tiene una cuenta en este sitio, o si ha dejado comentarios, puede solicitar recibir un archivo exportado de los datos personales que tenemos sobre usted, incluidos los datos que nos haya facilitado. Tambi\u00e9n puede pedirnos que eliminemos cualquier dato personal que tengamos sobre usted. Esto no incluye los datos que estamos obligados a conservar con fines administrativos, legales o de seguridad.<\/p>\n\n<h2 class=\"wp-block-heading\">\u00bfD\u00f3nde se env\u00edan sus datos?<\/h2>\n\n<p>Los comentarios de los visitantes pueden ser controlados por un servicio automatizado de detecci\u00f3n de spam.<\/p>\n\n<h2 class=\"wp-block-heading\"><\/h2>\n","protected":false},"excerpt":{"rendered":"<p>\u00bfQui\u00e9nes somos? La direcci\u00f3n de nuestro sitio web es http:\/\/pic29.com. Comentarios Cuando los visitantes dejan comentarios en el sitio, recogemos los datos contenidos en el formulario de comentarios, as\u00ed como la direcci\u00f3n IP del visitante y la cadena de agentes de usuario del navegador para ayudar a detectar el spam. Se puede proporcionar al servicio [&hellip;]<\/p>\n","protected":false},"author":1,"featured_media":0,"parent":0,"menu_order":0,"comment_status":"closed","ping_status":"closed","template":"","meta":{"_et_pb_use_builder":"","_et_pb_old_content":"","_et_gb_content_width":"","footnotes":""},"class_list":["post-2188","page","type-page","status-publish","hentry"],"yoast_head":"<!-- This site is optimized with the Yoast SEO plugin v27.3 - https:\/\/yoast.com\/product\/yoast-seo-wordpress\/ -->\n<title>Pol\u00edtica de privacidad - PIC<\/title>\n<meta name=\"description\" content=\"Descubra nuestra detallada pol\u00edtica de privacidad, que destaca nuestro compromiso de proteger sus datos en PIC.\" \/>\n<meta name=\"robots\" content=\"index, follow, max-snippet:-1, max-image-preview:large, max-video-preview:-1\" \/>\n<link rel=\"canonical\" href=\"https:\/\/pic29.com\/es\/politica-de-privacidad\/\" \/>\n<meta property=\"og:locale\" content=\"es_ES\" \/>\n<meta property=\"og:type\" content=\"article\" \/>\n<meta property=\"og:title\" content=\"Pol\u00edtica de privacidad - PIC\" \/>\n<meta property=\"og:description\" content=\"Descubra nuestra detallada pol\u00edtica de privacidad, que destaca nuestro compromiso de proteger sus datos en PIC.\" \/>\n<meta property=\"og:url\" content=\"https:\/\/pic29.com\/es\/politica-de-privacidad\/\" \/>\n<meta property=\"og:site_name\" content=\"PIC\" \/>\n<meta property=\"article:publisher\" content=\"https:\/\/m.facebook.com\/profile.php?id=453438624996269\" \/>\n<meta property=\"article:modified_time\" content=\"2023-11-20T13:19:55+00:00\" \/>\n<meta name=\"twitter:card\" content=\"summary_large_image\" \/>\n<meta name=\"twitter:label1\" content=\"Tiempo de lectura\" \/>\n\t<meta name=\"twitter:data1\" content=\"3 minutos\" \/>\n<script type=\"application\/ld+json\" class=\"yoast-schema-graph\">{\"@context\":\"https:\\\/\\\/schema.org\",\"@graph\":[{\"@type\":\"WebPage\",\"@id\":\"https:\\\/\\\/pic29.com\\\/es\\\/politica-de-privacidad\\\/\",\"url\":\"https:\\\/\\\/pic29.com\\\/es\\\/politica-de-privacidad\\\/\",\"name\":\"Pol\u00edtica de privacidad - PIC\",\"isPartOf\":{\"@id\":\"http:\\\/\\\/pic29.com\\\/es\\\/#website\"},\"datePublished\":\"2023-03-13T12:47:49+00:00\",\"dateModified\":\"2023-11-20T13:19:55+00:00\",\"description\":\"Descubra nuestra detallada pol\u00edtica de privacidad, que destaca nuestro compromiso de proteger sus datos en PIC.\",\"breadcrumb\":{\"@id\":\"https:\\\/\\\/pic29.com\\\/es\\\/politica-de-privacidad\\\/#breadcrumb\"},\"inLanguage\":\"es\",\"potentialAction\":[{\"@type\":\"ReadAction\",\"target\":[\"https:\\\/\\\/pic29.com\\\/es\\\/politica-de-privacidad\\\/\"]}]},{\"@type\":\"BreadcrumbList\",\"@id\":\"https:\\\/\\\/pic29.com\\\/es\\\/politica-de-privacidad\\\/#breadcrumb\",\"itemListElement\":[{\"@type\":\"ListItem\",\"position\":1,\"name\":\"P\u00e1gina de inicio\",\"item\":\"https:\\\/\\\/pic29.com\\\/es\\\/proteccion-incendios-cornouaille\\\/\"},{\"@type\":\"ListItem\",\"position\":2,\"name\":\"Privado: Pol\u00edtica de privacidad\"}]},{\"@type\":\"WebSite\",\"@id\":\"http:\\\/\\\/pic29.com\\\/es\\\/#website\",\"url\":\"http:\\\/\\\/pic29.com\\\/es\\\/\",\"name\":\"PIC\",\"description\":\"Protection Incendie Cornouaille\",\"publisher\":{\"@id\":\"http:\\\/\\\/pic29.com\\\/es\\\/#organization\"},\"potentialAction\":[{\"@type\":\"SearchAction\",\"target\":{\"@type\":\"EntryPoint\",\"urlTemplate\":\"http:\\\/\\\/pic29.com\\\/es\\\/?s={search_term_string}\"},\"query-input\":{\"@type\":\"PropertyValueSpecification\",\"valueRequired\":true,\"valueName\":\"search_term_string\"}}],\"inLanguage\":\"es\"},{\"@type\":\"Organization\",\"@id\":\"http:\\\/\\\/pic29.com\\\/es\\\/#organization\",\"name\":\"Protection Incendie Cornouaille\",\"url\":\"http:\\\/\\\/pic29.com\\\/es\\\/\",\"logo\":{\"@type\":\"ImageObject\",\"inLanguage\":\"es\",\"@id\":\"http:\\\/\\\/pic29.com\\\/es\\\/#\\\/schema\\\/logo\\\/image\\\/\",\"url\":\"https:\\\/\\\/pic29.com\\\/wp-content\\\/uploads\\\/2023\\\/03\\\/logo_PIC_600.png\",\"contentUrl\":\"https:\\\/\\\/pic29.com\\\/wp-content\\\/uploads\\\/2023\\\/03\\\/logo_PIC_600.png\",\"width\":601,\"height\":258,\"caption\":\"Protection Incendie Cornouaille\"},\"image\":{\"@id\":\"http:\\\/\\\/pic29.com\\\/es\\\/#\\\/schema\\\/logo\\\/image\\\/\"},\"sameAs\":[\"https:\\\/\\\/m.facebook.com\\\/profile.php?id=453438624996269\",\"https:\\\/\\\/fr.linkedin.com\\\/company\\\/protection-incendie-cornouaille\"]}]}<\/script>\n<!-- \/ Yoast SEO plugin. -->","yoast_head_json":{"title":"Pol\u00edtica de privacidad - PIC","description":"Descubra nuestra detallada pol\u00edtica de privacidad, que destaca nuestro compromiso de proteger sus datos en PIC.","robots":{"index":"index","follow":"follow","max-snippet":"max-snippet:-1","max-image-preview":"max-image-preview:large","max-video-preview":"max-video-preview:-1"},"canonical":"https:\/\/pic29.com\/es\/politica-de-privacidad\/","og_locale":"es_ES","og_type":"article","og_title":"Pol\u00edtica de privacidad - PIC","og_description":"Descubra nuestra detallada pol\u00edtica de privacidad, que destaca nuestro compromiso de proteger sus datos en PIC.","og_url":"https:\/\/pic29.com\/es\/politica-de-privacidad\/","og_site_name":"PIC","article_publisher":"https:\/\/m.facebook.com\/profile.php?id=453438624996269","article_modified_time":"2023-11-20T13:19:55+00:00","twitter_card":"summary_large_image","twitter_misc":{"Tiempo de lectura":"3 minutos"},"schema":{"@context":"https:\/\/schema.org","@graph":[{"@type":"WebPage","@id":"https:\/\/pic29.com\/es\/politica-de-privacidad\/","url":"https:\/\/pic29.com\/es\/politica-de-privacidad\/","name":"Pol\u00edtica de privacidad - PIC","isPartOf":{"@id":"http:\/\/pic29.com\/es\/#website"},"datePublished":"2023-03-13T12:47:49+00:00","dateModified":"2023-11-20T13:19:55+00:00","description":"Descubra nuestra detallada pol\u00edtica de privacidad, que destaca nuestro compromiso de proteger sus datos en PIC.","breadcrumb":{"@id":"https:\/\/pic29.com\/es\/politica-de-privacidad\/#breadcrumb"},"inLanguage":"es","potentialAction":[{"@type":"ReadAction","target":["https:\/\/pic29.com\/es\/politica-de-privacidad\/"]}]},{"@type":"BreadcrumbList","@id":"https:\/\/pic29.com\/es\/politica-de-privacidad\/#breadcrumb","itemListElement":[{"@type":"ListItem","position":1,"name":"P\u00e1gina de inicio","item":"https:\/\/pic29.com\/es\/proteccion-incendios-cornouaille\/"},{"@type":"ListItem","position":2,"name":"Privado: Pol\u00edtica de privacidad"}]},{"@type":"WebSite","@id":"http:\/\/pic29.com\/es\/#website","url":"http:\/\/pic29.com\/es\/","name":"PIC","description":"Protection Incendie Cornouaille","publisher":{"@id":"http:\/\/pic29.com\/es\/#organization"},"potentialAction":[{"@type":"SearchAction","target":{"@type":"EntryPoint","urlTemplate":"http:\/\/pic29.com\/es\/?s={search_term_string}"},"query-input":{"@type":"PropertyValueSpecification","valueRequired":true,"valueName":"search_term_string"}}],"inLanguage":"es"},{"@type":"Organization","@id":"http:\/\/pic29.com\/es\/#organization","name":"Protection Incendie Cornouaille","url":"http:\/\/pic29.com\/es\/","logo":{"@type":"ImageObject","inLanguage":"es","@id":"http:\/\/pic29.com\/es\/#\/schema\/logo\/image\/","url":"https:\/\/pic29.com\/wp-content\/uploads\/2023\/03\/logo_PIC_600.png","contentUrl":"https:\/\/pic29.com\/wp-content\/uploads\/2023\/03\/logo_PIC_600.png","width":601,"height":258,"caption":"Protection Incendie Cornouaille"},"image":{"@id":"http:\/\/pic29.com\/es\/#\/schema\/logo\/image\/"},"sameAs":["https:\/\/m.facebook.com\/profile.php?id=453438624996269","https:\/\/fr.linkedin.com\/company\/protection-incendie-cornouaille"]}]}},"_links":{"self":[{"href":"https:\/\/pic29.com\/es\/wp-json\/wp\/v2\/pages\/2188","targetHints":{"allow":["GET"]}}],"collection":[{"href":"https:\/\/pic29.com\/es\/wp-json\/wp\/v2\/pages"}],"about":[{"href":"https:\/\/pic29.com\/es\/wp-json\/wp\/v2\/types\/page"}],"author":[{"embeddable":true,"href":"https:\/\/pic29.com\/es\/wp-json\/wp\/v2\/users\/1"}],"replies":[{"embeddable":true,"href":"https:\/\/pic29.com\/es\/wp-json\/wp\/v2\/comments?post=2188"}],"version-history":[{"count":3,"href":"https:\/\/pic29.com\/es\/wp-json\/wp\/v2\/pages\/2188\/revisions"}],"predecessor-version":[{"id":2347,"href":"https:\/\/pic29.com\/es\/wp-json\/wp\/v2\/pages\/2188\/revisions\/2347"}],"wp:attachment":[{"href":"https:\/\/pic29.com\/es\/wp-json\/wp\/v2\/media?parent=2188"}],"curies":[{"name":"wp","href":"https:\/\/api.w.org\/{rel}","templated":true}]}}