{"id":1663,"date":"2023-04-28T13:01:39","date_gmt":"2023-04-28T13:01:39","guid":{"rendered":"https:\/\/pic29.com\/our-news\/"},"modified":"2023-11-07T15:43:08","modified_gmt":"2023-11-07T15:43:08","slug":"our-news","status":"publish","type":"page","link":"https:\/\/pic29.com\/en\/our-news\/","title":{"rendered":"Our news"},"content":{"rendered":"<p>[et_pb_section admin_label=&#8221;section&#8221;]<br \/>\n\t\t\t[et_pb_row admin_label=&#8221;row&#8221;]<br \/>\n\t\t\t\t[et_pb_column type=&#8221;4_4&#8243;][et_pb_text admin_label=&#8221;Text&#8221;][\/et_pb_text][\/et_pb_column]<br \/>\n\t\t\t[\/et_pb_row]<br \/>\n\t\t[\/et_pb_section]<\/p>\n","protected":false},"excerpt":{"rendered":"","protected":false},"author":1,"featured_media":2661,"parent":0,"menu_order":0,"comment_status":"closed","ping_status":"closed","template":"","meta":{"_et_pb_use_builder":"on","_et_pb_old_content":"","_et_gb_content_width":"","footnotes":""},"class_list":["post-1663","page","type-page","status-publish","has-post-thumbnail","hentry"],"yoast_head":"<!-- This site is optimized with the Yoast SEO plugin v27.3 - https:\/\/yoast.com\/product\/yoast-seo-wordpress\/ -->\n<title>Our news - PIC<\/title>\n<meta name=\"description\" content=\"Keep up to date with the latest news and crucial information on fire safety to protect your business.\" \/>\n<meta name=\"robots\" content=\"index, follow, max-snippet:-1, max-image-preview:large, max-video-preview:-1\" \/>\n<link rel=\"canonical\" href=\"https:\/\/pic29.com\/en\/our-news\/\" \/>\n<meta property=\"og:locale\" content=\"en_US\" \/>\n<meta property=\"og:type\" content=\"article\" \/>\n<meta property=\"og:title\" content=\"Our news - PIC\" \/>\n<meta property=\"og:description\" content=\"Keep up to date with the latest news and crucial information on fire safety to protect your business.\" \/>\n<meta property=\"og:url\" content=\"https:\/\/pic29.com\/en\/our-news\/\" \/>\n<meta property=\"og:site_name\" content=\"PIC\" \/>\n<meta property=\"article:publisher\" content=\"https:\/\/m.facebook.com\/profile.php?id=453438624996269\" \/>\n<meta property=\"article:modified_time\" content=\"2023-11-07T15:43:08+00:00\" \/>\n<meta name=\"twitter:card\" content=\"summary_large_image\" \/>\n<script type=\"application\/ld+json\" class=\"yoast-schema-graph\">{\"@context\":\"https:\\\/\\\/schema.org\",\"@graph\":[{\"@type\":\"WebPage\",\"@id\":\"https:\\\/\\\/pic29.com\\\/en\\\/our-news\\\/\",\"url\":\"https:\\\/\\\/pic29.com\\\/en\\\/our-news\\\/\",\"name\":\"Our news - PIC\",\"isPartOf\":{\"@id\":\"http:\\\/\\\/pic29.com\\\/en\\\/#website\"},\"primaryImageOfPage\":{\"@id\":\"https:\\\/\\\/pic29.com\\\/en\\\/our-news\\\/#primaryimage\"},\"image\":{\"@id\":\"https:\\\/\\\/pic29.com\\\/en\\\/our-news\\\/#primaryimage\"},\"thumbnailUrl\":\"https:\\\/\\\/pic29.com\\\/wp-content\\\/uploads\\\/2025\\\/10\\\/pic-SAFE-SEAS-AWARD-KIDDE.png\",\"datePublished\":\"2023-04-28T13:01:39+00:00\",\"dateModified\":\"2023-11-07T15:43:08+00:00\",\"description\":\"Keep up to date with the latest news and crucial information on fire safety to protect your business.\",\"breadcrumb\":{\"@id\":\"https:\\\/\\\/pic29.com\\\/en\\\/our-news\\\/#breadcrumb\"},\"inLanguage\":\"en-US\",\"potentialAction\":[{\"@type\":\"ReadAction\",\"target\":[\"https:\\\/\\\/pic29.com\\\/en\\\/our-news\\\/\"]}]},{\"@type\":\"ImageObject\",\"inLanguage\":\"en-US\",\"@id\":\"https:\\\/\\\/pic29.com\\\/en\\\/our-news\\\/#primaryimage\",\"url\":\"https:\\\/\\\/pic29.com\\\/wp-content\\\/uploads\\\/2025\\\/10\\\/pic-SAFE-SEAS-AWARD-KIDDE.png\",\"contentUrl\":\"https:\\\/\\\/pic29.com\\\/wp-content\\\/uploads\\\/2025\\\/10\\\/pic-SAFE-SEAS-AWARD-KIDDE.png\",\"width\":1920,\"height\":1080,\"caption\":\"Protection Incendie Cornouaille r\u00e9compens\u00e9 \u00e0 l\u2019international : le Safe Seas Award consacre l\u2019expertise maritime ! R\u00e9cemment, Protection Incendie Cornouaille (PIC 29), adh\u00e9rent historique de l\u2019IPC, a \u00e9t\u00e9 mis \u00e0 l\u2019honneur par son partenaire strat\u00e9gique Kidde Fenwal* lors de l\u2019\u00e9v\u00e9nement Kidde Fire Protection European \u00e0 Manchester. Fournisseur majeur de gaz pour les installations fixes depuis plus de 15 ans, Kidde Fenwal \u2013 acteur international incontournable de la s\u00e9curit\u00e9 incendie \u2013 a remis \u00e0 PIC le prestigieux Safe Seas Award \u2013 Protection Incendie. Cette distinction, re\u00e7ue au cours de la soir\u00e9e de gala du Concorde Conference Center, constitue une magnifique reconnaissance de la collaboration solide et engag\u00e9e de PIC au service de la s\u00e9curit\u00e9 maritime mondiale.\"},{\"@type\":\"BreadcrumbList\",\"@id\":\"https:\\\/\\\/pic29.com\\\/en\\\/our-news\\\/#breadcrumb\",\"itemListElement\":[{\"@type\":\"ListItem\",\"position\":1,\"name\":\"Homepage\",\"item\":\"https:\\\/\\\/pic29.com\\\/en\\\/\"},{\"@type\":\"ListItem\",\"position\":2,\"name\":\"Our news\"}]},{\"@type\":\"WebSite\",\"@id\":\"http:\\\/\\\/pic29.com\\\/en\\\/#website\",\"url\":\"http:\\\/\\\/pic29.com\\\/en\\\/\",\"name\":\"PIC\",\"description\":\"Protection Incendie Cornouaille\",\"publisher\":{\"@id\":\"http:\\\/\\\/pic29.com\\\/en\\\/#organization\"},\"potentialAction\":[{\"@type\":\"SearchAction\",\"target\":{\"@type\":\"EntryPoint\",\"urlTemplate\":\"http:\\\/\\\/pic29.com\\\/en\\\/?s={search_term_string}\"},\"query-input\":{\"@type\":\"PropertyValueSpecification\",\"valueRequired\":true,\"valueName\":\"search_term_string\"}}],\"inLanguage\":\"en-US\"},{\"@type\":\"Organization\",\"@id\":\"http:\\\/\\\/pic29.com\\\/en\\\/#organization\",\"name\":\"Protection Incendie Cornouaille\",\"url\":\"http:\\\/\\\/pic29.com\\\/en\\\/\",\"logo\":{\"@type\":\"ImageObject\",\"inLanguage\":\"en-US\",\"@id\":\"http:\\\/\\\/pic29.com\\\/en\\\/#\\\/schema\\\/logo\\\/image\\\/\",\"url\":\"https:\\\/\\\/pic29.com\\\/wp-content\\\/uploads\\\/2023\\\/03\\\/logo_PIC_600.png\",\"contentUrl\":\"https:\\\/\\\/pic29.com\\\/wp-content\\\/uploads\\\/2023\\\/03\\\/logo_PIC_600.png\",\"width\":601,\"height\":258,\"caption\":\"Protection Incendie Cornouaille\"},\"image\":{\"@id\":\"http:\\\/\\\/pic29.com\\\/en\\\/#\\\/schema\\\/logo\\\/image\\\/\"},\"sameAs\":[\"https:\\\/\\\/m.facebook.com\\\/profile.php?id=453438624996269\",\"https:\\\/\\\/fr.linkedin.com\\\/company\\\/protection-incendie-cornouaille\"]}]}<\/script>\n<!-- \/ Yoast SEO plugin. -->","yoast_head_json":{"title":"Our news - PIC","description":"Keep up to date with the latest news and crucial information on fire safety to protect your business.","robots":{"index":"index","follow":"follow","max-snippet":"max-snippet:-1","max-image-preview":"max-image-preview:large","max-video-preview":"max-video-preview:-1"},"canonical":"https:\/\/pic29.com\/en\/our-news\/","og_locale":"en_US","og_type":"article","og_title":"Our news - PIC","og_description":"Keep up to date with the latest news and crucial information on fire safety to protect your business.","og_url":"https:\/\/pic29.com\/en\/our-news\/","og_site_name":"PIC","article_publisher":"https:\/\/m.facebook.com\/profile.php?id=453438624996269","article_modified_time":"2023-11-07T15:43:08+00:00","twitter_card":"summary_large_image","schema":{"@context":"https:\/\/schema.org","@graph":[{"@type":"WebPage","@id":"https:\/\/pic29.com\/en\/our-news\/","url":"https:\/\/pic29.com\/en\/our-news\/","name":"Our news - PIC","isPartOf":{"@id":"http:\/\/pic29.com\/en\/#website"},"primaryImageOfPage":{"@id":"https:\/\/pic29.com\/en\/our-news\/#primaryimage"},"image":{"@id":"https:\/\/pic29.com\/en\/our-news\/#primaryimage"},"thumbnailUrl":"https:\/\/pic29.com\/wp-content\/uploads\/2025\/10\/pic-SAFE-SEAS-AWARD-KIDDE.png","datePublished":"2023-04-28T13:01:39+00:00","dateModified":"2023-11-07T15:43:08+00:00","description":"Keep up to date with the latest news and crucial information on fire safety to protect your business.","breadcrumb":{"@id":"https:\/\/pic29.com\/en\/our-news\/#breadcrumb"},"inLanguage":"en-US","potentialAction":[{"@type":"ReadAction","target":["https:\/\/pic29.com\/en\/our-news\/"]}]},{"@type":"ImageObject","inLanguage":"en-US","@id":"https:\/\/pic29.com\/en\/our-news\/#primaryimage","url":"https:\/\/pic29.com\/wp-content\/uploads\/2025\/10\/pic-SAFE-SEAS-AWARD-KIDDE.png","contentUrl":"https:\/\/pic29.com\/wp-content\/uploads\/2025\/10\/pic-SAFE-SEAS-AWARD-KIDDE.png","width":1920,"height":1080,"caption":"Protection Incendie Cornouaille r\u00e9compens\u00e9 \u00e0 l\u2019international : le Safe Seas Award consacre l\u2019expertise maritime ! R\u00e9cemment, Protection Incendie Cornouaille (PIC 29), adh\u00e9rent historique de l\u2019IPC, a \u00e9t\u00e9 mis \u00e0 l\u2019honneur par son partenaire strat\u00e9gique Kidde Fenwal* lors de l\u2019\u00e9v\u00e9nement Kidde Fire Protection European \u00e0 Manchester. Fournisseur majeur de gaz pour les installations fixes depuis plus de 15 ans, Kidde Fenwal \u2013 acteur international incontournable de la s\u00e9curit\u00e9 incendie \u2013 a remis \u00e0 PIC le prestigieux Safe Seas Award \u2013 Protection Incendie. Cette distinction, re\u00e7ue au cours de la soir\u00e9e de gala du Concorde Conference Center, constitue une magnifique reconnaissance de la collaboration solide et engag\u00e9e de PIC au service de la s\u00e9curit\u00e9 maritime mondiale."},{"@type":"BreadcrumbList","@id":"https:\/\/pic29.com\/en\/our-news\/#breadcrumb","itemListElement":[{"@type":"ListItem","position":1,"name":"Homepage","item":"https:\/\/pic29.com\/en\/"},{"@type":"ListItem","position":2,"name":"Our news"}]},{"@type":"WebSite","@id":"http:\/\/pic29.com\/en\/#website","url":"http:\/\/pic29.com\/en\/","name":"PIC","description":"Protection Incendie Cornouaille","publisher":{"@id":"http:\/\/pic29.com\/en\/#organization"},"potentialAction":[{"@type":"SearchAction","target":{"@type":"EntryPoint","urlTemplate":"http:\/\/pic29.com\/en\/?s={search_term_string}"},"query-input":{"@type":"PropertyValueSpecification","valueRequired":true,"valueName":"search_term_string"}}],"inLanguage":"en-US"},{"@type":"Organization","@id":"http:\/\/pic29.com\/en\/#organization","name":"Protection Incendie Cornouaille","url":"http:\/\/pic29.com\/en\/","logo":{"@type":"ImageObject","inLanguage":"en-US","@id":"http:\/\/pic29.com\/en\/#\/schema\/logo\/image\/","url":"https:\/\/pic29.com\/wp-content\/uploads\/2023\/03\/logo_PIC_600.png","contentUrl":"https:\/\/pic29.com\/wp-content\/uploads\/2023\/03\/logo_PIC_600.png","width":601,"height":258,"caption":"Protection Incendie Cornouaille"},"image":{"@id":"http:\/\/pic29.com\/en\/#\/schema\/logo\/image\/"},"sameAs":["https:\/\/m.facebook.com\/profile.php?id=453438624996269","https:\/\/fr.linkedin.com\/company\/protection-incendie-cornouaille"]}]}},"_links":{"self":[{"href":"https:\/\/pic29.com\/en\/wp-json\/wp\/v2\/pages\/1663","targetHints":{"allow":["GET"]}}],"collection":[{"href":"https:\/\/pic29.com\/en\/wp-json\/wp\/v2\/pages"}],"about":[{"href":"https:\/\/pic29.com\/en\/wp-json\/wp\/v2\/types\/page"}],"author":[{"embeddable":true,"href":"https:\/\/pic29.com\/en\/wp-json\/wp\/v2\/users\/1"}],"replies":[{"embeddable":true,"href":"https:\/\/pic29.com\/en\/wp-json\/wp\/v2\/comments?post=1663"}],"version-history":[{"count":4,"href":"https:\/\/pic29.com\/en\/wp-json\/wp\/v2\/pages\/1663\/revisions"}],"predecessor-version":[{"id":1999,"href":"https:\/\/pic29.com\/en\/wp-json\/wp\/v2\/pages\/1663\/revisions\/1999"}],"wp:featuredmedia":[{"embeddable":true,"href":"https:\/\/pic29.com\/en\/wp-json\/wp\/v2\/media\/2661"}],"wp:attachment":[{"href":"https:\/\/pic29.com\/en\/wp-json\/wp\/v2\/media?parent=1663"}],"curies":[{"name":"wp","href":"https:\/\/api.w.org\/{rel}","templated":true}]}}